{"id":2113,"date":"2021-08-23T06:20:57","date_gmt":"2021-08-23T10:20:57","guid":{"rendered":"https:\/\/pleac2.turnbull.co\/?page_id=2113"},"modified":"2025-11-08T02:36:52","modified_gmt":"2025-11-08T07:36:52","slug":"devenir-membre-de-laceij","status":"publish","type":"page","link":"https:\/\/www.pleac-aceij.ca\/fr\/abonnement\/devenir-membre-de-laceij\/","title":{"rendered":"Devenir membre de l\u2019ACEIJ"},"content":{"rendered":"\n<div class=\"become-member-new__section\">\n<p>L\u2019ACEIJ invite les ami.e.s du secteur de l\u2019\u00e9ducation et de l\u2019information juridiques \u00e0 devenir membres de l\u2019association afin de profiter d\u2019une gamme d\u2019avantages, notamment des webinaires en direct, des forums de discussion en ligne et des congr\u00e8s annuels nationaux.<\/p>\n<h2>Types d\u2019adh\u00e9sion \u00e0 l\u2019ACEIJ<\/h2>\n<\/div>\n\n\n\n<div class=\"become-member-new__wrapper\"><div class=\"layout__container become-member-new__container\"><div class=\"become-member-new__options\"><a class=\"column-link primary slide-out\" href=\"https:\/\/www.pleac-aceij.ca\/fr\/abonnement\/devenir-membre-de-laceij\/formulaire-dadhesion-a-titre-dorganisation\/\"><header class=\"column-link__header\"><h5 class=\"column-link__heading\">Membre organisationnel<\/h5><p>Pour les organisations d\u2019EIJ au Canada. <\/p><\/header><hr class=\"column-link__divider\"\/><ul class=\"column-link__list\"><li class=\"column-link__list-item\">Droit de vote \u00e0 l\u2019assembl\u00e9e g\u00e9n\u00e9rale annuelle<\/li><li class=\"column-link__list-item\">Acc\u00e8s aux webinaires en direct<\/li><li class=\"column-link__list-item\">Tarif de pr\u00e9inscription aux \u00e9v\u00e9nements et aux conf\u00e9rences<\/li><li class=\"column-link__list-item\">Participation \u00e0 diverses communaut\u00e9s de pratique \u00e0 l\u2019\u00e9chelle nationale<\/li><li class=\"column-link__list-item\">Occasions de faire conna\u00eetre le projet ou l\u2019initiative de votre organisation aupr\u00e8s des autres membres<\/li><li class=\"column-link__list-item\">Acc\u00e8s aux forums de discussion en ligne<\/li><li class=\"column-link__list-item\">Acc\u00e8s au r\u00e9seau d\u2019organisations membres de l\u2019ACEIJ et aux ressources et activit\u00e9s connexes<\/li><\/ul><div class=\"column-link__button\"><span class=\"column-link__button-initial\">200 $\/ANN\u00c9E<\/span><span class=\"column-link__button-hover\">INSCRIVEZ-VOUS D\u00c8S MAINTENANT<\/span><\/div><\/a><a class=\"column-link secondary slide-out\" href=\"https:\/\/www.pleac-aceij.ca\/fr\/abonnement\/devenir-membre-de-laceij\/formulaire-dadhesion-a-titre-individuel\/\"><header class=\"column-link__header\"><h5 class=\"column-link__heading\">Membre individuel<\/h5><p>Pour les particuliers.<\/p><\/header><hr class=\"column-link__divider\"\/><ul class=\"column-link__list\"><li class=\"column-link__list-item\">Acc\u00e8s aux webinaires en direct<\/li><li class=\"column-link__list-item\">Acc\u00e8s aux \u00e9v\u00e9nements et aux conf\u00e9rences<\/li><li class=\"column-link__list-item\">Acc\u00e8s aux forums de discussion en ligne<\/li><li class=\"column-link__list-item\">Acc\u00e8s au r\u00e9seau d\u2019organisations membres de l\u2019ACEIJ et aux ressources et activit\u00e9s connexes<\/li><\/ul><div class=\"column-link__button\"><span class=\"column-link__button-initial\">25 $\/ANN\u00c9E<\/span><span class=\"column-link__button-hover\">INSCRIVEZ-VOUS D\u00c8S MAINTENANT<\/span><\/div><\/a><a class=\"column-link tertiary slide-out\" href=\"https:\/\/www.pleac-aceij.ca\/fr\/abonnement\/devenir-membre-de-laceij\/formulaire-dadhesion-a-titre-detudiant-e-individuel-le\/\"><header class=\"column-link__header\"><h5 class=\"column-link__heading\">Membre \u00e9tudiant<\/h5><p>Pour les \u00e9tudiant\u00b7es inscrits dans un programme de premier ou de deuxi\u00e8me cycle dans une universit\u00e9 canadienne ou l\u2019\u00e9quivalent.<\/p><\/header><hr class=\"column-link__divider\"\/><ul class=\"column-link__list\"><li class=\"column-link__list-item\">Acc\u00e8s aux webinaires en direct<\/li><li class=\"column-link__list-item\">Acc\u00e8s aux \u00e9v\u00e9nements et aux conf\u00e9rences<\/li><li class=\"column-link__list-item\">Acc\u00e8s au r\u00e9seau d\u2019organisations membres de l\u2019ACEIJ et aux ressources et activit\u00e9s connexes<\/li><\/ul><div class=\"column-link__button\"><span class=\"column-link__button-initial\">GRATUIT<\/span><span class=\"column-link__button-hover\">INSCRIVEZ-VOUS MAINTENANT<\/span><\/div><\/a><\/div><\/div><\/div>\n\n\n\n<div class=\"become-member-new__section\">\n<h2>Pourquoi devenir membre de l\u2019ACEIJ?<\/h2>\n<ul>\n<li><strong>Occasions de r\u00e9seautage\u00a0<\/strong>: L\u2019adh\u00e9sion permet d\u2019acc\u00e9der \u00e0 un r\u00e9seau national d\u2019organisations du milieu de l\u2019\u00e9ducation juridique, ce qui favorise la collaboration, la mise en commun des connaissances et l\u2019\u00e9tablissement de partenariats.<\/li>\n<li><strong>D\u00e9fense et repr\u00e9sentation\u00a0:<\/strong> Les membres b\u00e9n\u00e9ficient des efforts collectifs de promotion de l\u2019\u00e9ducation juridique et de sensibilisation aux enjeux qui touchent le secteur \u00e0 l\u2019\u00e9chelle du pays.<\/li>\n<li><strong>Ressources pour les membres\u00a0<\/strong>: Les membres ont acc\u00e8s \u00e0 un grand \u00e9ventail de ressources, notamment des pratiques exemplaires, des \u00e9tudes et des outils con\u00e7us pour soutenir les initiatives d\u2019\u00e9ducation juridique.<\/li>\n<li><strong>Perfectionnement professionnel\u00a0:<\/strong> L\u2019ACEIJ offre des occasions de perfectionnement professionnel, y compris des conf\u00e9rences, des communaut\u00e9s de pratique et des webinaires qui permettent de se tenir au courant des tendances et des innovations dans le domaine de l\u2019\u00e9ducation juridique.<\/li>\n<li><strong>Renforcement de la notori\u00e9t\u00e9 et de la reconnaissance\u00a0: <\/strong>L\u2019adh\u00e9sion permet aux organisations de se faire conna\u00eetre et de faire conna\u00eetre leur travail, ouvrant la voie \u00e0 de nouvelles occasions et \u00e0 de nouveaux partenaires.<\/li>\n<\/ul>\n<h2>FAQ sur l\u2019adh\u00e9sion<\/h2>\n<\/div>\n\n\n<div class=\"wp-block-ub-content-toggle become-member-new__section wp-block-ub-content-toggle-block\" id=\"ub-content-toggle-block-f516e327-7618-48d7-a0c5-5de52f51aa2e\" data-mobilecollapse=\"true\" data-desktopcollapse=\"true\" data-preventcollapse=\"false\" data-showonlyone=\"false\">\n<div class=\"wp-block-ub-content-toggle-accordion\" style=\"border-color: #f1f1f1;\" id=\"ub-content-toggle-panel-block-\">\n\t\t\t<div class=\"wp-block-ub-content-toggle-accordion-title-wrap\" style=\"background-color: #f1f1f1;\" aria-controls=\"ub-content-toggle-panel-0-f516e327-7618-48d7-a0c5-5de52f51aa2e\" tabindex=\"0\">\n\t\t\t<p class=\"wp-block-ub-content-toggle-accordion-title ub-content-toggle-title-f516e327-7618-48d7-a0c5-5de52f51aa2e\" style=\"color: #000000; \">Notre budget annuel est de moins 30\u2009000 $. Y a-t-il de petits organismes sans but lucratif qui choisissent de devenir des membres organisationnels de l\u2019ACEIJ?<\/p>\n\t\t\t<div class=\"wp-block-ub-content-toggle-accordion-toggle-wrap right\" style=\"color: #000000;\"><span class=\"wp-block-ub-content-toggle-accordion-state-indicator wp-block-ub-chevron-down\"><\/span><\/div>\n\t\t<\/div>\n\t\t\t<div role=\"region\" aria-expanded=\"false\" class=\"wp-block-ub-content-toggle-accordion-content-wrap ub-hide\" id=\"ub-content-toggle-panel-0-f516e327-7618-48d7-a0c5-5de52f51aa2e\">\n\n<p>Oui, absolument! De nombreux petits organismes ont b\u00e9n\u00e9fici\u00e9 de l\u2019adh\u00e9sion \u00e0 l\u2019ACEIJ. Que vous soyez petit ou grand, nous serions ravis de vous accueillir dans notre communaut\u00e9.<\/p>\n\n<\/div>\n\t\t<\/div>\n\n<div class=\"wp-block-ub-content-toggle-accordion\" style=\"border-color: #f1f1f1;\" id=\"ub-content-toggle-panel-block-\">\n\t\t\t<div class=\"wp-block-ub-content-toggle-accordion-title-wrap\" style=\"background-color: #f1f1f1;\" aria-controls=\"ub-content-toggle-panel-1-f516e327-7618-48d7-a0c5-5de52f51aa2e\" tabindex=\"0\">\n\t\t\t<p class=\"wp-block-ub-content-toggle-accordion-title ub-content-toggle-title-f516e327-7618-48d7-a0c5-5de52f51aa2e\" style=\"color: #000000; \">\u00c0 quelle date mon adh\u00e9sion expire-t-elle?<\/p>\n\t\t\t<div class=\"wp-block-ub-content-toggle-accordion-toggle-wrap right\" style=\"color: #000000;\"><span class=\"wp-block-ub-content-toggle-accordion-state-indicator wp-block-ub-chevron-down\"><\/span><\/div>\n\t\t<\/div>\n\t\t\t<div role=\"region\" aria-expanded=\"false\" class=\"wp-block-ub-content-toggle-accordion-content-wrap ub-hide\" id=\"ub-content-toggle-panel-1-f516e327-7618-48d7-a0c5-5de52f51aa2e\">\n\n<p>Les adh\u00e9sions expirent le 31\u00a0mars tous les ans. Hanna Holmes, directrice de programme de l\u2019ACEIJ, envoie des factures aux organisations vers cette date pour confirmer le renouvellement de leur adh\u00e9sion. \u00c0 ce moment-l\u00e0, vous pouvez nous indiquer si vous ne souhaitez plus \u00eatre membre et votre adh\u00e9sion expirera. Si vous souhaitez rester membre, votre adh\u00e9sion sera renouvel\u00e9e pour l\u2019ann\u00e9e suivante apr\u00e8s r\u00e9ception du paiement. Si vous avez des questions, n\u2019h\u00e9sitez pas \u00e0 communiquer avec Hanna Holmes directement \u00e0 <a href=\"mailto:hholmes@pleac-aceij.ca\">hholmes@pleac-aceij.ca<\/a>.<\/p>\n\n<\/div>\n\t\t<\/div>\n\n<div class=\"wp-block-ub-content-toggle-accordion\" style=\"border-color: #f1f1f1;\" id=\"ub-content-toggle-panel-block-\">\n\t\t\t<div class=\"wp-block-ub-content-toggle-accordion-title-wrap\" style=\"background-color: #f1f1f1;\" aria-controls=\"ub-content-toggle-panel-2-f516e327-7618-48d7-a0c5-5de52f51aa2e\" tabindex=\"0\">\n\t\t\t<p class=\"wp-block-ub-content-toggle-accordion-title ub-content-toggle-title-f516e327-7618-48d7-a0c5-5de52f51aa2e\" style=\"color: #000000; \">Comment puis-je modifier les coordonn\u00e9es de la personne-ressource, l\u2019adresse ou d\u2019autres informations relatives \u00e0 mon compte de membre?<\/p>\n\t\t\t<div class=\"wp-block-ub-content-toggle-accordion-toggle-wrap right\" style=\"color: #000000;\"><span class=\"wp-block-ub-content-toggle-accordion-state-indicator wp-block-ub-chevron-down\"><\/span><\/div>\n\t\t<\/div>\n\t\t\t<div role=\"region\" aria-expanded=\"false\" class=\"wp-block-ub-content-toggle-accordion-content-wrap ub-hide\" id=\"ub-content-toggle-panel-2-f516e327-7618-48d7-a0c5-5de52f51aa2e\">\n\n<p>Veuillez contacter <a href=\"mailto:hholmes@pleac-aceij.ca\">hholmes@pleac-aceij.ca<\/a> et lui indiquer les changements que vous souhaitez apporter.<\/p>\n\n<\/div>\n\t\t<\/div>\n\n<div class=\"wp-block-ub-content-toggle-accordion\" style=\"border-color: #f1f1f1;\" id=\"ub-content-toggle-panel-block-\">\n\t\t\t<div class=\"wp-block-ub-content-toggle-accordion-title-wrap\" style=\"background-color: #f1f1f1;\" aria-controls=\"ub-content-toggle-panel-3-f516e327-7618-48d7-a0c5-5de52f51aa2e\" tabindex=\"0\">\n\t\t\t<p class=\"wp-block-ub-content-toggle-accordion-title ub-content-toggle-title-f516e327-7618-48d7-a0c5-5de52f51aa2e\" style=\"color: #000000; \">J\u2019ai pay\u00e9 par ch\u00e8que. Quand le paiement sera-t-il trait\u00e9?<\/p>\n\t\t\t<div class=\"wp-block-ub-content-toggle-accordion-toggle-wrap right\" style=\"color: #000000;\"><span class=\"wp-block-ub-content-toggle-accordion-state-indicator wp-block-ub-chevron-down\"><\/span><\/div>\n\t\t<\/div>\n\t\t\t<div role=\"region\" aria-expanded=\"false\" class=\"wp-block-ub-content-toggle-accordion-content-wrap ub-hide\" id=\"ub-content-toggle-panel-3-f516e327-7618-48d7-a0c5-5de52f51aa2e\">\n\n<p>Nous nous effor\u00e7ons de traiter les ch\u00e8ques rapidement, mais les envois postaux peuvent engendrer certains d\u00e9lais. Pour savoir ce qui en est de votre paiement, vous pouvez envoyer un courriel \u00e0 Hanna Holmes \u00e0 <a href=\"mailto:hholmes@pleac-aceij.ca\">hholmes@pleac-aceij.ca<\/a>.<\/p>\n\n<\/div>\n\t\t<\/div>\n\n<div class=\"wp-block-ub-content-toggle-accordion\" style=\"border-color: #f1f1f1;\" id=\"ub-content-toggle-panel-block-\">\n\t\t\t<div class=\"wp-block-ub-content-toggle-accordion-title-wrap\" style=\"background-color: #f1f1f1;\" aria-controls=\"ub-content-toggle-panel-4-f516e327-7618-48d7-a0c5-5de52f51aa2e\" tabindex=\"0\">\n\t\t\t<p class=\"wp-block-ub-content-toggle-accordion-title ub-content-toggle-title-f516e327-7618-48d7-a0c5-5de52f51aa2e\" style=\"color: #000000; \">Y a-t-il des sections r\u00e9serv\u00e9es aux membres de l\u2019ACEIJ sur le site Web?<\/p>\n\t\t\t<div class=\"wp-block-ub-content-toggle-accordion-toggle-wrap right\" style=\"color: #000000;\"><span class=\"wp-block-ub-content-toggle-accordion-state-indicator wp-block-ub-chevron-down\"><\/span><\/div>\n\t\t<\/div>\n\t\t\t<div role=\"region\" aria-expanded=\"false\" class=\"wp-block-ub-content-toggle-accordion-content-wrap ub-hide\" id=\"ub-content-toggle-panel-4-f516e327-7618-48d7-a0c5-5de52f51aa2e\">\n\n<p>Oui! Lorsque vous devenez membre de l\u2019ACEIJ, vous recevez des identifiants vous permettant d\u2019acc\u00e9der au portail r\u00e9serv\u00e9 aux membres <a href=\"https:\/\/www.pleac-aceij.ca\/fr\/abonnement\/portail-des-membres\/\">ici<\/a>. Vous pourrez acc\u00e9der \u00e0 des collections de ressources et \u00e0 des forums de discussion. Les membres sont \u00e9galement invit\u00e9s \u00e0 collaborer dans un espace r\u00e9serv\u00e9 aux membres sur l\u2019application Slack. Nous envoyons \u00e9galement des mises \u00e0 jour et des communications \u00e0 nos membres par courriel.<\/p>\n\n<\/div>\n\t\t<\/div>\n\n<div class=\"wp-block-ub-content-toggle-accordion\" style=\"border-color: #f1f1f1;\" id=\"ub-content-toggle-panel-block-\">\n\t\t\t<div class=\"wp-block-ub-content-toggle-accordion-title-wrap\" style=\"background-color: #f1f1f1;\" aria-controls=\"ub-content-toggle-panel-5-f516e327-7618-48d7-a0c5-5de52f51aa2e\" tabindex=\"0\">\n\t\t\t<p class=\"wp-block-ub-content-toggle-accordion-title ub-content-toggle-title-f516e327-7618-48d7-a0c5-5de52f51aa2e\" style=\"color: #000000; \">Les webinaires sont-ils gratuits pour les membres?<\/p>\n\t\t\t<div class=\"wp-block-ub-content-toggle-accordion-toggle-wrap right\" style=\"color: #000000;\"><span class=\"wp-block-ub-content-toggle-accordion-state-indicator wp-block-ub-chevron-down\"><\/span><\/div>\n\t\t<\/div>\n\t\t\t<div role=\"region\" aria-expanded=\"false\" class=\"wp-block-ub-content-toggle-accordion-content-wrap ub-hide\" id=\"ub-content-toggle-panel-5-f516e327-7618-48d7-a0c5-5de52f51aa2e\">\n\n<p>Oui! Tous les webinaires de l\u2019ACEIJ sont gratuits et nous invitons tous les membres du personnel des organisations membres \u00e0 y assister en direct.<\/p>\n\n<\/div>\n\t\t<\/div>\n\n<div class=\"wp-block-ub-content-toggle-accordion\" style=\"border-color: #f1f1f1;\" id=\"ub-content-toggle-panel-block-\">\n\t\t\t<div class=\"wp-block-ub-content-toggle-accordion-title-wrap\" style=\"background-color: #f1f1f1;\" aria-controls=\"ub-content-toggle-panel-6-f516e327-7618-48d7-a0c5-5de52f51aa2e\" tabindex=\"0\">\n\t\t\t<p class=\"wp-block-ub-content-toggle-accordion-title ub-content-toggle-title-f516e327-7618-48d7-a0c5-5de52f51aa2e\" style=\"color: #000000; \">Puis-je obtenir un enregistrement si j\u2019ai manqu\u00e9 un webinaire?<\/p>\n\t\t\t<div class=\"wp-block-ub-content-toggle-accordion-toggle-wrap right\" style=\"color: #000000;\"><span class=\"wp-block-ub-content-toggle-accordion-state-indicator wp-block-ub-chevron-down\"><\/span><\/div>\n\t\t<\/div>\n\t\t\t<div role=\"region\" aria-expanded=\"false\" class=\"wp-block-ub-content-toggle-accordion-content-wrap ub-hide\" id=\"ub-content-toggle-panel-6-f516e327-7618-48d7-a0c5-5de52f51aa2e\">\n\n<p>Oui, bien s\u00fbr! Si vous vous inscrivez au webinaire et que vous le manquez, vous recevrez un lien vers l\u2019enregistrement, les diapositives (s\u2019il y a lieu) et d\u2019autres ressources dans la semaine qui suit le webinaire. Les enregistrements sont \u00e9galement publi\u00e9s sur notre site Web <a href=\"https:\/\/www.pleac-aceij.ca\/fr\/notre-travail\/webinaires-aceij\/\" target=\"_blank\" rel=\"noreferrer noopener\">ici<\/a>.<\/p>\n\n<\/div>\n\t\t<\/div>\n\n<div class=\"wp-block-ub-content-toggle-accordion\" style=\"border-color: #f1f1f1;\" id=\"ub-content-toggle-panel-block-\">\n\t\t\t<div class=\"wp-block-ub-content-toggle-accordion-title-wrap\" style=\"background-color: #f1f1f1;\" aria-controls=\"ub-content-toggle-panel-7-f516e327-7618-48d7-a0c5-5de52f51aa2e\" tabindex=\"0\">\n\t\t\t<p class=\"wp-block-ub-content-toggle-accordion-title ub-content-toggle-title-f516e327-7618-48d7-a0c5-5de52f51aa2e\" style=\"color: #000000; \">Qui dois-je contacter si j\u2019ai d\u2019autres questions?<\/p>\n\t\t\t<div class=\"wp-block-ub-content-toggle-accordion-toggle-wrap right\" style=\"color: #000000;\"><span class=\"wp-block-ub-content-toggle-accordion-state-indicator wp-block-ub-chevron-down\"><\/span><\/div>\n\t\t<\/div>\n\t\t\t<div role=\"region\" aria-expanded=\"false\" class=\"wp-block-ub-content-toggle-accordion-content-wrap ub-hide\" id=\"ub-content-toggle-panel-7-f516e327-7618-48d7-a0c5-5de52f51aa2e\">\n\n<p>Si vous avez des questions ou des commentaires, veuillez contacter Hanna Holmes, directrice de programme de l\u2019ACEIJ, \u00e0 <a href=\"mailto:hholmes@pleacaceij.ca\">hholmes@pleac\u2011aceij.ca<\/a> et elle vous r\u00e9pondra rapidement.<\/p>\n\n<\/div>\n\t\t<\/div>\n<\/div>","protected":false},"excerpt":{"rendered":"<p>L\u2019ACEIJ invite les ami.e.s du secteur de l\u2019\u00e9ducation et de l\u2019information juridiques \u00e0 devenir membres de l\u2019association afin de profiter d\u2019une gamme d\u2019avantages, notamment des webinaires en direct, des forums de discussion en ligne et des congr\u00e8s annuels nationaux.<br \/>\nTypes d\u2019adh\u00e9sion \u00e0 l\u2019ACEIJ<\/p>\n<p><a class=\"column-link primary slide-out\" href=\"https:\/\/www.pleac-aceij.ca\/fr\/abonnement\/devenir-membre-de-laceij\/formulaire-dadhesion-a-titre-dorganisation\/\">Membre organisationnelPour les organisations d\u2019EIJ au Canada.<\/a><\/p>\n","protected":false},"author":12,"featured_media":0,"parent":1256,"menu_order":0,"comment_status":"closed","ping_status":"closed","template":"template-membership.php","meta":{"_bbp_topic_count":0,"_bbp_reply_count":0,"_bbp_total_topic_count":0,"_bbp_total_reply_count":0,"_bbp_voice_count":0,"_bbp_anonymous_reply_count":0,"_bbp_topic_count_hidden":0,"_bbp_reply_count_hidden":0,"_bbp_forum_subforum_count":0,"inline_featured_image":false,"footnotes":""},"class_list":["post-2113","page","type-page","status-publish","hentry"],"featured_image_src":null,"yoast_head":"<!-- This site is optimized with the Yoast SEO plugin v25.6 - https:\/\/yoast.com\/wordpress\/plugins\/seo\/ -->\n<title>Devenir membre de l\u2019ACEIJ - Public Legal Education Association of Canada<\/title>\n<meta name=\"robots\" content=\"index, follow, max-snippet:-1, max-image-preview:large, max-video-preview:-1\" \/>\n<link rel=\"canonical\" href=\"https:\/\/www.pleac-aceij.ca\/fr\/abonnement\/devenir-membre-de-laceij\/\" \/>\n<meta property=\"og:locale\" content=\"fr_FR\" \/>\n<meta property=\"og:type\" content=\"article\" \/>\n<meta property=\"og:title\" content=\"Devenir membre de l\u2019ACEIJ - Public Legal Education Association of Canada\" \/>\n<meta property=\"og:description\" content=\"L\u2019ACEIJ invite les ami.e.s du secteur de l\u2019\u00e9ducation et de l\u2019information juridiques \u00e0 devenir membres de l\u2019association afin de profiter d\u2019une gamme d\u2019avantages, notamment des webinaires en direct, des forums de discussion en ligne et des congr\u00e8s annuels nationaux. Types d\u2019adh\u00e9sion \u00e0 l\u2019ACEIJ   Membre organisationnelPour les organisations d\u2019EIJ au Canada.\" \/>\n<meta property=\"og:url\" content=\"https:\/\/www.pleac-aceij.ca\/fr\/abonnement\/devenir-membre-de-laceij\/\" \/>\n<meta property=\"og:site_name\" content=\"Public Legal Education Association of Canada\" \/>\n<meta property=\"article:modified_time\" content=\"2025-11-08T07:36:52+00:00\" \/>\n<meta name=\"twitter:card\" content=\"summary_large_image\" \/>\n<meta name=\"twitter:label1\" content=\"Dur\u00e9e de lecture estim\u00e9e\" \/>\n\t<meta name=\"twitter:data1\" content=\"4 minutes\" \/>\n<script type=\"application\/ld+json\" class=\"yoast-schema-graph\">{\"@context\":\"https:\/\/schema.org\",\"@graph\":[{\"@type\":\"WebPage\",\"@id\":\"https:\/\/www.pleac-aceij.ca\/fr\/abonnement\/devenir-membre-de-laceij\/\",\"url\":\"https:\/\/www.pleac-aceij.ca\/fr\/abonnement\/devenir-membre-de-laceij\/\",\"name\":\"Devenir membre de l\u2019ACEIJ - Public Legal Education Association of Canada\",\"isPartOf\":{\"@id\":\"https:\/\/www.pleac-aceij.ca\/fr\/#website\"},\"datePublished\":\"2021-08-23T10:20:57+00:00\",\"dateModified\":\"2025-11-08T07:36:52+00:00\",\"breadcrumb\":{\"@id\":\"https:\/\/www.pleac-aceij.ca\/fr\/abonnement\/devenir-membre-de-laceij\/#breadcrumb\"},\"inLanguage\":\"fr-FR\",\"potentialAction\":[{\"@type\":\"ReadAction\",\"target\":[\"https:\/\/www.pleac-aceij.ca\/fr\/abonnement\/devenir-membre-de-laceij\/\"]}]},{\"@type\":\"BreadcrumbList\",\"@id\":\"https:\/\/www.pleac-aceij.ca\/fr\/abonnement\/devenir-membre-de-laceij\/#breadcrumb\",\"itemListElement\":[{\"@type\":\"ListItem\",\"position\":1,\"name\":\"Home\",\"item\":\"https:\/\/www.pleac-aceij.ca\/fr\/\"},{\"@type\":\"ListItem\",\"position\":2,\"name\":\"Abonnement\",\"item\":\"https:\/\/www.pleac-aceij.ca\/fr\/abonnement\/\"},{\"@type\":\"ListItem\",\"position\":3,\"name\":\"Devenir membre de l\u2019ACEIJ\"}]},{\"@type\":\"WebSite\",\"@id\":\"https:\/\/www.pleac-aceij.ca\/fr\/#website\",\"url\":\"https:\/\/www.pleac-aceij.ca\/fr\/\",\"name\":\"CEO All Clinics\",\"description\":\"\",\"potentialAction\":[{\"@type\":\"SearchAction\",\"target\":{\"@type\":\"EntryPoint\",\"urlTemplate\":\"https:\/\/www.pleac-aceij.ca\/fr\/?s={search_term_string}\"},\"query-input\":{\"@type\":\"PropertyValueSpecification\",\"valueRequired\":true,\"valueName\":\"search_term_string\"}}],\"inLanguage\":\"fr-FR\"}]}<\/script>\n<!-- \/ Yoast SEO plugin. -->","yoast_head_json":{"title":"Devenir membre de l\u2019ACEIJ - Public Legal Education Association of Canada","robots":{"index":"index","follow":"follow","max-snippet":"max-snippet:-1","max-image-preview":"max-image-preview:large","max-video-preview":"max-video-preview:-1"},"canonical":"https:\/\/www.pleac-aceij.ca\/fr\/abonnement\/devenir-membre-de-laceij\/","og_locale":"fr_FR","og_type":"article","og_title":"Devenir membre de l\u2019ACEIJ - Public Legal Education Association of Canada","og_description":"L\u2019ACEIJ invite les ami.e.s du secteur de l\u2019\u00e9ducation et de l\u2019information juridiques \u00e0 devenir membres de l\u2019association afin de profiter d\u2019une gamme d\u2019avantages, notamment des webinaires en direct, des forums de discussion en ligne et des congr\u00e8s annuels nationaux. Types d\u2019adh\u00e9sion \u00e0 l\u2019ACEIJ   Membre organisationnelPour les organisations d\u2019EIJ au Canada.","og_url":"https:\/\/www.pleac-aceij.ca\/fr\/abonnement\/devenir-membre-de-laceij\/","og_site_name":"Public Legal Education Association of Canada","article_modified_time":"2025-11-08T07:36:52+00:00","twitter_card":"summary_large_image","twitter_misc":{"Dur\u00e9e de lecture estim\u00e9e":"4 minutes"},"schema":{"@context":"https:\/\/schema.org","@graph":[{"@type":"WebPage","@id":"https:\/\/www.pleac-aceij.ca\/fr\/abonnement\/devenir-membre-de-laceij\/","url":"https:\/\/www.pleac-aceij.ca\/fr\/abonnement\/devenir-membre-de-laceij\/","name":"Devenir membre de l\u2019ACEIJ - Public Legal Education Association of Canada","isPartOf":{"@id":"https:\/\/www.pleac-aceij.ca\/fr\/#website"},"datePublished":"2021-08-23T10:20:57+00:00","dateModified":"2025-11-08T07:36:52+00:00","breadcrumb":{"@id":"https:\/\/www.pleac-aceij.ca\/fr\/abonnement\/devenir-membre-de-laceij\/#breadcrumb"},"inLanguage":"fr-FR","potentialAction":[{"@type":"ReadAction","target":["https:\/\/www.pleac-aceij.ca\/fr\/abonnement\/devenir-membre-de-laceij\/"]}]},{"@type":"BreadcrumbList","@id":"https:\/\/www.pleac-aceij.ca\/fr\/abonnement\/devenir-membre-de-laceij\/#breadcrumb","itemListElement":[{"@type":"ListItem","position":1,"name":"Home","item":"https:\/\/www.pleac-aceij.ca\/fr\/"},{"@type":"ListItem","position":2,"name":"Abonnement","item":"https:\/\/www.pleac-aceij.ca\/fr\/abonnement\/"},{"@type":"ListItem","position":3,"name":"Devenir membre de l\u2019ACEIJ"}]},{"@type":"WebSite","@id":"https:\/\/www.pleac-aceij.ca\/fr\/#website","url":"https:\/\/www.pleac-aceij.ca\/fr\/","name":"CEO All Clinics","description":"","potentialAction":[{"@type":"SearchAction","target":{"@type":"EntryPoint","urlTemplate":"https:\/\/www.pleac-aceij.ca\/fr\/?s={search_term_string}"},"query-input":{"@type":"PropertyValueSpecification","valueRequired":true,"valueName":"search_term_string"}}],"inLanguage":"fr-FR"}]}},"_links":{"self":[{"href":"https:\/\/www.pleac-aceij.ca\/fr\/wp-json\/wp\/v2\/pages\/2113","targetHints":{"allow":["GET"]}}],"collection":[{"href":"https:\/\/www.pleac-aceij.ca\/fr\/wp-json\/wp\/v2\/pages"}],"about":[{"href":"https:\/\/www.pleac-aceij.ca\/fr\/wp-json\/wp\/v2\/types\/page"}],"author":[{"embeddable":true,"href":"https:\/\/www.pleac-aceij.ca\/fr\/wp-json\/wp\/v2\/users\/12"}],"replies":[{"embeddable":true,"href":"https:\/\/www.pleac-aceij.ca\/fr\/wp-json\/wp\/v2\/comments?post=2113"}],"version-history":[{"count":15,"href":"https:\/\/www.pleac-aceij.ca\/fr\/wp-json\/wp\/v2\/pages\/2113\/revisions"}],"predecessor-version":[{"id":3641,"href":"https:\/\/www.pleac-aceij.ca\/fr\/wp-json\/wp\/v2\/pages\/2113\/revisions\/3641"}],"up":[{"embeddable":true,"href":"https:\/\/www.pleac-aceij.ca\/fr\/wp-json\/wp\/v2\/pages\/1256"}],"wp:attachment":[{"href":"https:\/\/www.pleac-aceij.ca\/fr\/wp-json\/wp\/v2\/media?parent=2113"}],"curies":[{"name":"wp","href":"https:\/\/api.w.org\/{rel}","templated":true}]}}